{"id":5431,"date":"2020-10-08T22:30:32","date_gmt":"2020-10-08T22:30:32","guid":{"rendered":"https:\/\/gitmasivo.com\/web\/?page_id=5431"},"modified":"2020-10-08T22:34:33","modified_gmt":"2020-10-08T22:34:33","slug":"infraestructura-y-medio-ambiente","status":"publish","type":"page","link":"https:\/\/gitmasivo.com\/web\/infraestructura-y-medio-ambiente\/","title":{"rendered":"Infraestructura y Medio Ambiente"},"content":{"rendered":"<p>El \u00e1rea de Infraestructura y Medio Ambiente garantiza el Mantenimiento del Patio Taller asignado a GIT Masivo S.A., como soporte para el desarrollo de la organizaci\u00f3n. As\u00ed mismo, est\u00e1 a cargo del cumplimiento de la normatividad ambiental y de las obligaciones contractuales adquiridas con el Ente Gestor necesarias para la prestaci\u00f3n del servicio de transporte p\u00fablico SITM &#8211; MIO.<\/p>\n","protected":false},"excerpt":{"rendered":"<p>El \u00e1rea de Infraestructura y Medio Ambiente garantiza el Mantenimiento del Patio Taller asignado a GIT Masivo S.A., como soporte para el desarrollo de la organizaci\u00f3n. As\u00ed mismo, est\u00e1 a cargo del cumplimiento de la normatividad ambiental y de las obligaciones contractuales adquiridas con el Ente Gestor necesarias para la prestaci\u00f3n del servicio de transporte &#8230; <a title=\"Infraestructura y Medio Ambiente\" class=\"read-more\" href=\"https:\/\/gitmasivo.com\/web\/infraestructura-y-medio-ambiente\/\" aria-label=\"Leer m\u00e1s sobre Infraestructura y Medio Ambiente\">Leer m\u00e1s<\/a><\/p>\n","protected":false},"author":2,"featured_media":0,"parent":0,"menu_order":0,"comment_status":"closed","ping_status":"closed","template":"","meta":{"footnotes":""},"class_list":["post-5431","page","type-page","status-publish"],"_links":{"self":[{"href":"https:\/\/gitmasivo.com\/web\/wp-json\/wp\/v2\/pages\/5431","targetHints":{"allow":["GET"]}}],"collection":[{"href":"https:\/\/gitmasivo.com\/web\/wp-json\/wp\/v2\/pages"}],"about":[{"href":"https:\/\/gitmasivo.com\/web\/wp-json\/wp\/v2\/types\/page"}],"author":[{"embeddable":true,"href":"https:\/\/gitmasivo.com\/web\/wp-json\/wp\/v2\/users\/2"}],"replies":[{"embeddable":true,"href":"https:\/\/gitmasivo.com\/web\/wp-json\/wp\/v2\/comments?post=5431"}],"version-history":[{"count":3,"href":"https:\/\/gitmasivo.com\/web\/wp-json\/wp\/v2\/pages\/5431\/revisions"}],"predecessor-version":[{"id":5435,"href":"https:\/\/gitmasivo.com\/web\/wp-json\/wp\/v2\/pages\/5431\/revisions\/5435"}],"wp:attachment":[{"href":"https:\/\/gitmasivo.com\/web\/wp-json\/wp\/v2\/media?parent=5431"}],"curies":[{"name":"wp","href":"https:\/\/api.w.org\/{rel}","templated":true}]}}