{"id":5421,"date":"2020-10-08T22:05:49","date_gmt":"2020-10-08T22:05:49","guid":{"rendered":"https:\/\/gitmasivo.com\/web\/?page_id=5421"},"modified":"2020-10-09T12:55:36","modified_gmt":"2020-10-09T12:55:36","slug":"gerencia","status":"publish","type":"page","link":"https:\/\/gitmasivo.com\/web\/gerencia\/","title":{"rendered":"Gerencia"},"content":{"rendered":"<p>El Gerencia de GIT Masivo S.A. planea y verifica la ejecuci\u00f3n de las estrategias y procedimientos que garanticen el cumplimiento de la visi\u00f3n, misi\u00f3n y objetivos organizacionales en coherencia con lo establecido en la Legislaci\u00f3n Vigente, en el Contrato de Concesi\u00f3n suscrito con Metro Cali S.A. y en el Sistema de Gesti\u00f3n.<\/p>\n","protected":false},"excerpt":{"rendered":"<p>El Gerencia de GIT Masivo S.A. planea y verifica la ejecuci\u00f3n de las estrategias y procedimientos que garanticen el cumplimiento de la visi\u00f3n, misi\u00f3n y objetivos organizacionales en coherencia con lo establecido en la Legislaci\u00f3n Vigente, en el Contrato de Concesi\u00f3n suscrito con Metro Cali S.A. y en el Sistema de Gesti\u00f3n.<\/p>\n","protected":false},"author":2,"featured_media":0,"parent":0,"menu_order":0,"comment_status":"closed","ping_status":"closed","template":"","meta":{"footnotes":""},"class_list":["post-5421","page","type-page","status-publish"],"_links":{"self":[{"href":"https:\/\/gitmasivo.com\/web\/wp-json\/wp\/v2\/pages\/5421","targetHints":{"allow":["GET"]}}],"collection":[{"href":"https:\/\/gitmasivo.com\/web\/wp-json\/wp\/v2\/pages"}],"about":[{"href":"https:\/\/gitmasivo.com\/web\/wp-json\/wp\/v2\/types\/page"}],"author":[{"embeddable":true,"href":"https:\/\/gitmasivo.com\/web\/wp-json\/wp\/v2\/users\/2"}],"replies":[{"embeddable":true,"href":"https:\/\/gitmasivo.com\/web\/wp-json\/wp\/v2\/comments?post=5421"}],"version-history":[{"count":2,"href":"https:\/\/gitmasivo.com\/web\/wp-json\/wp\/v2\/pages\/5421\/revisions"}],"predecessor-version":[{"id":5458,"href":"https:\/\/gitmasivo.com\/web\/wp-json\/wp\/v2\/pages\/5421\/revisions\/5458"}],"wp:attachment":[{"href":"https:\/\/gitmasivo.com\/web\/wp-json\/wp\/v2\/media?parent=5421"}],"curies":[{"name":"wp","href":"https:\/\/api.w.org\/{rel}","templated":true}]}}