{"id":5373,"date":"2020-10-07T19:47:46","date_gmt":"2020-10-07T19:47:46","guid":{"rendered":"https:\/\/gitmasivo.com\/web\/?page_id=5373"},"modified":"2020-10-07T21:30:01","modified_gmt":"2020-10-07T21:30:01","slug":"mecanismos-para-presentar-quejas-y-reclamos","status":"publish","type":"page","link":"https:\/\/gitmasivo.com\/web\/mecanismos-para-presentar-quejas-y-reclamos\/","title":{"rendered":"Mecanismos para Presentar Quejas y Reclamos"},"content":{"rendered":"<p>El Ente Gestor Metro Cali S.A. ha dispuesto para sus usuarios la l\u00ednea de atenci\u00f3n 6204040 y el correo electr\u00f3nico <a href=\"mailto:servicioalusuario@mio.com.co\">servicioalusuario@mio.com.co<\/a>. Se podr\u00e1 acceder a trav\u00e9s del link <a href=\"https:\/\/www.mio.com.co\/\">www.mio.com.co<\/a><\/p>\n","protected":false},"excerpt":{"rendered":"<p>El Ente Gestor Metro Cali S.A. ha dispuesto para sus usuarios la l\u00ednea de atenci\u00f3n 6204040 y el correo electr\u00f3nico servicioalusuario@mio.com.co. Se podr\u00e1 acceder a trav\u00e9s del link www.mio.com.co<\/p>\n","protected":false},"author":2,"featured_media":0,"parent":0,"menu_order":0,"comment_status":"closed","ping_status":"closed","template":"","meta":{"footnotes":""},"class_list":["post-5373","page","type-page","status-publish"],"_links":{"self":[{"href":"https:\/\/gitmasivo.com\/web\/wp-json\/wp\/v2\/pages\/5373","targetHints":{"allow":["GET"]}}],"collection":[{"href":"https:\/\/gitmasivo.com\/web\/wp-json\/wp\/v2\/pages"}],"about":[{"href":"https:\/\/gitmasivo.com\/web\/wp-json\/wp\/v2\/types\/page"}],"author":[{"embeddable":true,"href":"https:\/\/gitmasivo.com\/web\/wp-json\/wp\/v2\/users\/2"}],"replies":[{"embeddable":true,"href":"https:\/\/gitmasivo.com\/web\/wp-json\/wp\/v2\/comments?post=5373"}],"version-history":[{"count":1,"href":"https:\/\/gitmasivo.com\/web\/wp-json\/wp\/v2\/pages\/5373\/revisions"}],"predecessor-version":[{"id":5374,"href":"https:\/\/gitmasivo.com\/web\/wp-json\/wp\/v2\/pages\/5373\/revisions\/5374"}],"wp:attachment":[{"href":"https:\/\/gitmasivo.com\/web\/wp-json\/wp\/v2\/media?parent=5373"}],"curies":[{"name":"wp","href":"https:\/\/api.w.org\/{rel}","templated":true}]}}