{"id":5344,"date":"2020-10-07T18:22:23","date_gmt":"2020-10-07T18:22:23","guid":{"rendered":"https:\/\/gitmasivo.com\/web\/?page_id=5344"},"modified":"2025-02-21T18:06:39","modified_gmt":"2025-02-21T18:06:39","slug":"mision-y-vision","status":"publish","type":"page","link":"https:\/\/gitmasivo.com\/web\/mision-y-vision\/","title":{"rendered":"Misi\u00f3n y Visi\u00f3n"},"content":{"rendered":"<h3><strong>Misi\u00f3n<\/strong><\/h3>\n<p>Contribuir al progreso y desarrollo de la ciudad de Cali prestando un servicio de transporte masivo de pasajeros efectivo, confiable y seguro y buscando satisfacer las necesidades y expectativas de las partes interesadas.<\/p>\n<p>&nbsp;<\/p>\n<h3><strong>Visi\u00f3n<\/strong><\/h3>\n<p>Ser el mejor operador del Sistema de Transporte Masivo de Cali y para el a\u00f1o 2026 generar una rentabilidad anual del 25% sobre el capital invertido.<\/p>\n<p>&nbsp;<\/p>\n","protected":false},"excerpt":{"rendered":"<p>Misi\u00f3n Contribuir al progreso y desarrollo de la ciudad de Cali prestando un servicio de transporte masivo de pasajeros efectivo, confiable y seguro y buscando satisfacer las necesidades y expectativas de las partes interesadas. &nbsp; Visi\u00f3n Ser el mejor operador del Sistema de Transporte Masivo de Cali y para el a\u00f1o 2026 generar una rentabilidad &#8230; <a title=\"Misi\u00f3n y Visi\u00f3n\" class=\"read-more\" href=\"https:\/\/gitmasivo.com\/web\/mision-y-vision\/\" aria-label=\"Leer m\u00e1s sobre Misi\u00f3n y Visi\u00f3n\">Leer m\u00e1s<\/a><\/p>\n","protected":false},"author":2,"featured_media":0,"parent":0,"menu_order":0,"comment_status":"closed","ping_status":"closed","template":"","meta":{"footnotes":""},"class_list":["post-5344","page","type-page","status-publish"],"_links":{"self":[{"href":"https:\/\/gitmasivo.com\/web\/wp-json\/wp\/v2\/pages\/5344","targetHints":{"allow":["GET"]}}],"collection":[{"href":"https:\/\/gitmasivo.com\/web\/wp-json\/wp\/v2\/pages"}],"about":[{"href":"https:\/\/gitmasivo.com\/web\/wp-json\/wp\/v2\/types\/page"}],"author":[{"embeddable":true,"href":"https:\/\/gitmasivo.com\/web\/wp-json\/wp\/v2\/users\/2"}],"replies":[{"embeddable":true,"href":"https:\/\/gitmasivo.com\/web\/wp-json\/wp\/v2\/comments?post=5344"}],"version-history":[{"count":2,"href":"https:\/\/gitmasivo.com\/web\/wp-json\/wp\/v2\/pages\/5344\/revisions"}],"predecessor-version":[{"id":5778,"href":"https:\/\/gitmasivo.com\/web\/wp-json\/wp\/v2\/pages\/5344\/revisions\/5778"}],"wp:attachment":[{"href":"https:\/\/gitmasivo.com\/web\/wp-json\/wp\/v2\/media?parent=5344"}],"curies":[{"name":"wp","href":"https:\/\/api.w.org\/{rel}","templated":true}]}}