{"id":5337,"date":"2020-10-07T18:04:53","date_gmt":"2020-10-07T18:04:53","guid":{"rendered":"https:\/\/gitmasivo.com\/web\/?page_id=5337"},"modified":"2020-10-07T21:29:33","modified_gmt":"2020-10-07T21:29:33","slug":"glosario","status":"publish","type":"page","link":"https:\/\/gitmasivo.com\/web\/glosario\/","title":{"rendered":"Glosario"},"content":{"rendered":"<p>Los t\u00e9rminos y definiciones relacionados con la Prestaci\u00f3n de Servicio de Transporte Masivo de Pasajeros de la Ciudad de Cali, est\u00e1n definidos pagina web del Ente Gestor Metro Cali S.A. <a href=\"https:\/\/www.metrocali.gov.co\/wp\/glosario\/\">https:\/\/www.metrocali.gov.co\/wp\/glosario\/<\/a><\/p>\n","protected":false},"excerpt":{"rendered":"<p>Los t\u00e9rminos y definiciones relacionados con la Prestaci\u00f3n de Servicio de Transporte Masivo de Pasajeros de la Ciudad de Cali, est\u00e1n definidos pagina web del Ente Gestor Metro Cali S.A. https:\/\/www.metrocali.gov.co\/wp\/glosario\/<\/p>\n","protected":false},"author":2,"featured_media":0,"parent":0,"menu_order":0,"comment_status":"closed","ping_status":"closed","template":"","meta":{"footnotes":""},"class_list":["post-5337","page","type-page","status-publish"],"_links":{"self":[{"href":"https:\/\/gitmasivo.com\/web\/wp-json\/wp\/v2\/pages\/5337","targetHints":{"allow":["GET"]}}],"collection":[{"href":"https:\/\/gitmasivo.com\/web\/wp-json\/wp\/v2\/pages"}],"about":[{"href":"https:\/\/gitmasivo.com\/web\/wp-json\/wp\/v2\/types\/page"}],"author":[{"embeddable":true,"href":"https:\/\/gitmasivo.com\/web\/wp-json\/wp\/v2\/users\/2"}],"replies":[{"embeddable":true,"href":"https:\/\/gitmasivo.com\/web\/wp-json\/wp\/v2\/comments?post=5337"}],"version-history":[{"count":1,"href":"https:\/\/gitmasivo.com\/web\/wp-json\/wp\/v2\/pages\/5337\/revisions"}],"predecessor-version":[{"id":5339,"href":"https:\/\/gitmasivo.com\/web\/wp-json\/wp\/v2\/pages\/5337\/revisions\/5339"}],"wp:attachment":[{"href":"https:\/\/gitmasivo.com\/web\/wp-json\/wp\/v2\/media?parent=5337"}],"curies":[{"name":"wp","href":"https:\/\/api.w.org\/{rel}","templated":true}]}}