{"id":5330,"date":"2020-10-07T17:39:27","date_gmt":"2020-10-07T17:39:27","guid":{"rendered":"https:\/\/gitmasivo.com\/web\/?page_id=5330"},"modified":"2026-04-27T20:53:46","modified_gmt":"2026-04-27T20:53:46","slug":"politica-de-proteccion-de-datos-personales","status":"publish","type":"page","link":"https:\/\/gitmasivo.com\/web\/politica-de-proteccion-de-datos-personales\/","title":{"rendered":"Pol\u00edtica de Protecci\u00f3n de Datos Personales"},"content":{"rendered":"<p>GIT Masivo S.A., realiz\u00f3 la inscripci\u00f3n de sus bases de datos en el Registro Nacional de Base de Datos (RNBD) ante la Superintendencia de Industria y Comercio de acuerdo a lo establecido en la Ley 1581 de 2012.<\/p>\n<p>&nbsp;<\/p>\n<p><strong>Pol\u00edtica de Protecci\u00f3n de Datos Personales<\/strong> \u2013 GIT Masivo S.A. \u2013\u00a0 <a href=\"https:\/\/gitmasivo.com\/web\/wp-content\/uploads\/2026\/04\/Politica-de-Tratamiento-de-datos-v2.pdf\">Ver Documento<\/a><\/p>\n<p>&nbsp;<\/p>\n","protected":false},"excerpt":{"rendered":"<p>GIT Masivo S.A., realiz\u00f3 la inscripci\u00f3n de sus bases de datos en el Registro Nacional de Base de Datos (RNBD) ante la Superintendencia de Industria y Comercio de acuerdo a lo establecido en la Ley 1581 de 2012. &nbsp; Pol\u00edtica de Protecci\u00f3n de Datos Personales \u2013 GIT Masivo S.A. \u2013\u00a0 Ver Documento &nbsp;<\/p>\n","protected":false},"author":2,"featured_media":0,"parent":0,"menu_order":0,"comment_status":"closed","ping_status":"closed","template":"","meta":{"footnotes":""},"class_list":["post-5330","page","type-page","status-publish"],"_links":{"self":[{"href":"https:\/\/gitmasivo.com\/web\/wp-json\/wp\/v2\/pages\/5330","targetHints":{"allow":["GET"]}}],"collection":[{"href":"https:\/\/gitmasivo.com\/web\/wp-json\/wp\/v2\/pages"}],"about":[{"href":"https:\/\/gitmasivo.com\/web\/wp-json\/wp\/v2\/types\/page"}],"author":[{"embeddable":true,"href":"https:\/\/gitmasivo.com\/web\/wp-json\/wp\/v2\/users\/2"}],"replies":[{"embeddable":true,"href":"https:\/\/gitmasivo.com\/web\/wp-json\/wp\/v2\/comments?post=5330"}],"version-history":[{"count":6,"href":"https:\/\/gitmasivo.com\/web\/wp-json\/wp\/v2\/pages\/5330\/revisions"}],"predecessor-version":[{"id":5853,"href":"https:\/\/gitmasivo.com\/web\/wp-json\/wp\/v2\/pages\/5330\/revisions\/5853"}],"wp:attachment":[{"href":"https:\/\/gitmasivo.com\/web\/wp-json\/wp\/v2\/media?parent=5330"}],"curies":[{"name":"wp","href":"https:\/\/api.w.org\/{rel}","templated":true}]}}