{"id":4463,"date":"2013-08-21T16:07:09","date_gmt":"2013-08-21T16:07:09","guid":{"rendered":"http:\/\/gitmasivo.com\/web\/?page_id=4463"},"modified":"2020-10-08T22:48:36","modified_gmt":"2020-10-08T22:48:36","slug":"calidad","status":"publish","type":"page","link":"https:\/\/gitmasivo.com\/web\/calidad\/","title":{"rendered":"Calidad"},"content":{"rendered":"<p>El \u00e1rea de Calidad garantiza que el Sistema de Gesti\u00f3n de la compa\u00f1\u00eda se implemente, revise, mantenga y mejore para satisfacer a las partes interesadas y lograr los objetivos organizacionales.<\/p>\n","protected":false},"excerpt":{"rendered":"<p>El \u00e1rea de Calidad garantiza que el Sistema de Gesti\u00f3n de la compa\u00f1\u00eda se implemente, revise, mantenga y mejore para satisfacer a las partes interesadas y lograr los objetivos organizacionales.<\/p>\n","protected":false},"author":1,"featured_media":0,"parent":0,"menu_order":0,"comment_status":"closed","ping_status":"open","template":"","meta":{"footnotes":""},"class_list":["post-4463","page","type-page","status-publish"],"_links":{"self":[{"href":"https:\/\/gitmasivo.com\/web\/wp-json\/wp\/v2\/pages\/4463","targetHints":{"allow":["GET"]}}],"collection":[{"href":"https:\/\/gitmasivo.com\/web\/wp-json\/wp\/v2\/pages"}],"about":[{"href":"https:\/\/gitmasivo.com\/web\/wp-json\/wp\/v2\/types\/page"}],"author":[{"embeddable":true,"href":"https:\/\/gitmasivo.com\/web\/wp-json\/wp\/v2\/users\/1"}],"replies":[{"embeddable":true,"href":"https:\/\/gitmasivo.com\/web\/wp-json\/wp\/v2\/comments?post=4463"}],"version-history":[{"count":22,"href":"https:\/\/gitmasivo.com\/web\/wp-json\/wp\/v2\/pages\/4463\/revisions"}],"predecessor-version":[{"id":5433,"href":"https:\/\/gitmasivo.com\/web\/wp-json\/wp\/v2\/pages\/4463\/revisions\/5433"}],"wp:attachment":[{"href":"https:\/\/gitmasivo.com\/web\/wp-json\/wp\/v2\/media?parent=4463"}],"curies":[{"name":"wp","href":"https:\/\/api.w.org\/{rel}","templated":true}]}}