{"id":3048,"date":"2013-02-08T13:49:08","date_gmt":"2013-02-08T13:49:08","guid":{"rendered":"http:\/\/216.172.187.9\/~muestras\/wp-mio\/?page_id=3048"},"modified":"2025-08-06T15:50:45","modified_gmt":"2025-08-06T15:50:45","slug":"resena-historica","status":"publish","type":"page","link":"https:\/\/gitmasivo.com\/web\/resena-historica\/","title":{"rendered":"Rese\u00f1a Historica"},"content":{"rendered":"<p style=\"text-align: justify;\">\nLa sociedad denominada <strong>GRUPO INTEGRADO DE TRANSPORTE MASIVO S.A. sigla GIT MASIVO S.A.<\/strong> fue constituida mediante escritura p\u00fablica No. 2638 del 04 de Agosto de 2006 otorgada en la Notar\u00eda Octava de Santiago de Cali e inscrita en la C\u00e1mara de Comercio de Cali el 08 de agosto de 2006 bajo el No. 9318 del libro IX. Estuvo conformada por nueve grupos de empresas de transporte p\u00fablico colectivo, entre ellos:\n<\/p>\n<ol>\n<li>Transportes Santiago de Cali Alameda S.A.<\/li>\n<li>Empresa de Buses Amarillo Crema S.A.<\/li>\n<li>Cooperativa Especializada de Motoristas y Transportadores -COOMOEPAL-<\/li>\n<li>Empresa de Transporte Crema y Rojo S.A.<\/li>\n<li>Cooperativa Integral de Transportadores Florida Cali Ltda. \u201cPAPAGAYO\u201d<\/li>\n<li>Transportes Recreativos Ltda.<\/li>\n<li>Empresa de Transportes Sultana del Valle S.A.<\/li>\n<li>Compa\u00f1\u00eda Transportadora Verde Breta\u00f1a S.A.<\/li>\n<li>Empresa de Transportes Villanueva Bel\u00e9n Ltda.<\/li>\n<\/ol>\n<p style=\"text-align: justify;\">\nActualmente, est\u00e1 conformado por 3 empresas fundadoras y personas tanto jur\u00eddicas como naturales:\n<\/p>\n<ul>\n<li>ALAMEDA<\/li>\n<li>COOMOEPAL<\/li>\n<li>SULTANA DEL VALLE<\/li>\n<li>Personas naturales y privadas<\/li>\n<\/ul>\n<p style=\"text-align: justify;\">\nSu objeto fue participar en la Licitaci\u00f3n p\u00fablica MC-DT-001 de 2006 convocada por Metro Cali S.A. para seleccionar 5 concesionarios del Sistema Masivo Integrado de Occidente (MIO). GIT MASIVO S.A. obtuvo el primer lugar en dicha licitaci\u00f3n, con una participaci\u00f3n inicial del 25%, que se ampli\u00f3 al 33% mediante la firma de la Adici\u00f3n al Contrato de Concesi\u00f3n No 1 de 2006, el 16 de septiembre de 2011.\n<\/p>\n<p style=\"text-align: justify;\">\nEn el a\u00f1o 2014, la empresa de transporte masivo SISTEMAS OPERATIVOS MOVILES S.A. (SOMOS K S.A.) ingres\u00f3 como accionista trayendo consigo nuevos recursos y toda la experiencia en sistemas de transporte masivo en modalidad BRT.\n<\/p>\n<p style=\"text-align: justify;\">\nGIT MASIVO S.A. pone al servicio de la comunidad de Cali, flota de tipolog\u00edas Articulado, Padr\u00f3n y Complementaria que cumple con los est\u00e1ndares de las tecnolog\u00edas limpias y junto con un equipo de colaboradores comprometido, garantizan la prestaci\u00f3n de un servicio efectivo, confiable y seguro para los usuarios del Sistema MIO.\n<\/p>\n<p style=\"text-align: justify;\">\nActualmente, GIT MASIVO S.A. se encuentra certificada en las normas ISO 9001, 14001 y 45001, evidenciando su compromiso con la calidad, el medio ambiente y el bienestar de sus partes interesadas.<\/p>\n","protected":false},"excerpt":{"rendered":"<p>La sociedad denominada GRUPO INTEGRADO DE TRANSPORTE MASIVO S.A. sigla GIT MASIVO S.A. fue constituida mediante escritura p\u00fablica No. 2638 del 04 de Agosto de 2006 otorgada en la Notar\u00eda Octava de Santiago de Cali e inscrita en la C\u00e1mara de Comercio de Cali el 08 de agosto de 2006 bajo el No. 9318 del &#8230; <a title=\"Rese\u00f1a Historica\" class=\"read-more\" href=\"https:\/\/gitmasivo.com\/web\/resena-historica\/\" aria-label=\"Leer m\u00e1s sobre Rese\u00f1a Historica\">Leer m\u00e1s<\/a><\/p>\n","protected":false},"author":1,"featured_media":0,"parent":0,"menu_order":0,"comment_status":"closed","ping_status":"open","template":"","meta":{"footnotes":""},"class_list":["post-3048","page","type-page","status-publish"],"_links":{"self":[{"href":"https:\/\/gitmasivo.com\/web\/wp-json\/wp\/v2\/pages\/3048","targetHints":{"allow":["GET"]}}],"collection":[{"href":"https:\/\/gitmasivo.com\/web\/wp-json\/wp\/v2\/pages"}],"about":[{"href":"https:\/\/gitmasivo.com\/web\/wp-json\/wp\/v2\/types\/page"}],"author":[{"embeddable":true,"href":"https:\/\/gitmasivo.com\/web\/wp-json\/wp\/v2\/users\/1"}],"replies":[{"embeddable":true,"href":"https:\/\/gitmasivo.com\/web\/wp-json\/wp\/v2\/comments?post=3048"}],"version-history":[{"count":5,"href":"https:\/\/gitmasivo.com\/web\/wp-json\/wp\/v2\/pages\/3048\/revisions"}],"predecessor-version":[{"id":5840,"href":"https:\/\/gitmasivo.com\/web\/wp-json\/wp\/v2\/pages\/3048\/revisions\/5840"}],"wp:attachment":[{"href":"https:\/\/gitmasivo.com\/web\/wp-json\/wp\/v2\/media?parent=3048"}],"curies":[{"name":"wp","href":"https:\/\/api.w.org\/{rel}","templated":true}]}}