{"id":3024,"date":"2013-02-07T14:46:54","date_gmt":"2013-02-07T14:46:54","guid":{"rendered":"http:\/\/216.172.187.9\/~muestras\/wp-mio\/?page_id=3024"},"modified":"2020-10-08T23:09:08","modified_gmt":"2020-10-08T23:09:08","slug":"nuestro-entorno","status":"publish","type":"page","link":"https:\/\/gitmasivo.com\/web\/nuestro-entorno\/","title":{"rendered":"Nuestro Entorno"},"content":{"rendered":"<p><a href=\"https:\/\/gitmasivo.com\/web\/nuestro-entorno\/flujo\/\" rel=\"attachment wp-att-4099\"><img loading=\"lazy\" decoding=\"async\" class=\"alignnone size-full wp-image-4099 aligncenter\" src=\"https:\/\/gitmasivo.com\/web\/wp-content\/uploads\/2013\/02\/flujo.png\" alt=\"flujo\" width=\"382\" height=\"623\" \/><\/a><\/p>\n<p>&nbsp;<\/p>\n<h3><strong>Nuestro Entorno<\/strong><\/h3>\n<p style=\"text-align: justify;\">El Sistema Integrado de Transporte Masivo (SITM) MIO, pretende resolver la problem\u00e1tica de movilidad de la ciudad Cali, para ello, se requiri\u00f3 mejorar las condiciones de infraestructura vial, como a la fecha se ha realizado en algunos de los corredores viales.<\/p>\n<p>En el SITM MIO intervienen:<\/p>\n<ul>\n<li>\n<p style=\"text-align: justify;\"><b>METROCALI S.A.:<\/b>\u00a0Entidad encargada de gestionar el dise\u00f1o, construcci\u00f3n y puesta en marcha del Sistema Integrado de Transporte Masivo de pasajeros, as\u00ed como la planificaci\u00f3n y control del mismo, al igual que el sostenimiento de la infraestructura.<\/p>\n<\/li>\n<li>\n<p style=\"text-align: justify;\"><b>Concesionarios Operadores:<\/b>\u00a0Empresa GIT Masivo S.A., Blanco y Negro Masivo S.A., ETM Masivo S.A. y Unimetro Masivo S.A., responsables del traslado de pasajeros.<\/p>\n<\/li>\n<li>\n<p style=\"text-align: justify;\"><b>Concesionario de Sistema de Informaci\u00f3n Unificado de Respuesta SIUR: \u00a0<\/b>Encargada del recaudo, expedici\u00f3n, venta y control de las tarjetas inteligentes, seguridad del sistema, redes de comunicaci\u00f3n, entre otros.<\/p>\n<\/li>\n<li>\n<p style=\"text-align: justify;\"><b>Concesionarios de Patios y Talleres:\u00a0<\/b>Encargados de la construcci\u00f3n de patios y talleres para el parqueo de la flota, mantenimiento y embellecimiento de la misma.<\/p>\n<\/li>\n<li>\n<p style=\"text-align: justify;\"><b>Fiducia:\u00a0<\/b>Encargada de la administraci\u00f3n y distribuci\u00f3n de los recursos.<\/p>\n<\/li>\n<\/ul>\n","protected":false},"excerpt":{"rendered":"<p>&nbsp; Nuestro Entorno El Sistema Integrado de Transporte Masivo (SITM) MIO, pretende resolver la problem\u00e1tica de movilidad de la ciudad Cali, para ello, se requiri\u00f3 mejorar las condiciones de infraestructura vial, como a la fecha se ha realizado en algunos de los corredores viales. En el SITM MIO intervienen: METROCALI S.A.:\u00a0Entidad encargada de gestionar el &#8230; <a title=\"Nuestro Entorno\" class=\"read-more\" href=\"https:\/\/gitmasivo.com\/web\/nuestro-entorno\/\" aria-label=\"Leer m\u00e1s sobre Nuestro Entorno\">Leer m\u00e1s<\/a><\/p>\n","protected":false},"author":1,"featured_media":0,"parent":0,"menu_order":0,"comment_status":"closed","ping_status":"open","template":"","meta":{"footnotes":""},"class_list":["post-3024","page","type-page","status-publish"],"_links":{"self":[{"href":"https:\/\/gitmasivo.com\/web\/wp-json\/wp\/v2\/pages\/3024","targetHints":{"allow":["GET"]}}],"collection":[{"href":"https:\/\/gitmasivo.com\/web\/wp-json\/wp\/v2\/pages"}],"about":[{"href":"https:\/\/gitmasivo.com\/web\/wp-json\/wp\/v2\/types\/page"}],"author":[{"embeddable":true,"href":"https:\/\/gitmasivo.com\/web\/wp-json\/wp\/v2\/users\/1"}],"replies":[{"embeddable":true,"href":"https:\/\/gitmasivo.com\/web\/wp-json\/wp\/v2\/comments?post=3024"}],"version-history":[{"count":12,"href":"https:\/\/gitmasivo.com\/web\/wp-json\/wp\/v2\/pages\/3024\/revisions"}],"predecessor-version":[{"id":5445,"href":"https:\/\/gitmasivo.com\/web\/wp-json\/wp\/v2\/pages\/3024\/revisions\/5445"}],"wp:attachment":[{"href":"https:\/\/gitmasivo.com\/web\/wp-json\/wp\/v2\/media?parent=3024"}],"curies":[{"name":"wp","href":"https:\/\/api.w.org\/{rel}","templated":true}]}}