{"id":2813,"date":"2013-01-31T03:38:38","date_gmt":"2013-01-31T03:38:38","guid":{"rendered":"http:\/\/216.172.187.9\/~muestras\/wp-mio\/?page_id=2813"},"modified":"2020-10-08T22:26:50","modified_gmt":"2020-10-08T22:26:50","slug":"administrativa","status":"publish","type":"page","link":"https:\/\/gitmasivo.com\/web\/administrativa\/","title":{"rendered":"Administrativa y Financiera"},"content":{"rendered":"<p>El \u00e1rea de Administrativa y Financiera garantiza la gesti\u00f3n efectiva de los recursos f\u00edsicos y financieros de la compa\u00f1\u00eda.<\/p>\n\n","protected":false},"excerpt":{"rendered":"<p>El \u00e1rea de Administrativa y Financiera garantiza la gesti\u00f3n efectiva de los recursos f\u00edsicos y financieros de la compa\u00f1\u00eda.<\/p>\n","protected":false},"author":1,"featured_media":0,"parent":0,"menu_order":0,"comment_status":"closed","ping_status":"open","template":"","meta":{"footnotes":""},"class_list":["post-2813","page","type-page","status-publish"],"_links":{"self":[{"href":"https:\/\/gitmasivo.com\/web\/wp-json\/wp\/v2\/pages\/2813","targetHints":{"allow":["GET"]}}],"collection":[{"href":"https:\/\/gitmasivo.com\/web\/wp-json\/wp\/v2\/pages"}],"about":[{"href":"https:\/\/gitmasivo.com\/web\/wp-json\/wp\/v2\/types\/page"}],"author":[{"embeddable":true,"href":"https:\/\/gitmasivo.com\/web\/wp-json\/wp\/v2\/users\/1"}],"replies":[{"embeddable":true,"href":"https:\/\/gitmasivo.com\/web\/wp-json\/wp\/v2\/comments?post=2813"}],"version-history":[{"count":6,"href":"https:\/\/gitmasivo.com\/web\/wp-json\/wp\/v2\/pages\/2813\/revisions"}],"predecessor-version":[{"id":5425,"href":"https:\/\/gitmasivo.com\/web\/wp-json\/wp\/v2\/pages\/2813\/revisions\/5425"}],"wp:attachment":[{"href":"https:\/\/gitmasivo.com\/web\/wp-json\/wp\/v2\/media?parent=2813"}],"curies":[{"name":"wp","href":"https:\/\/api.w.org\/{rel}","templated":true}]}}